{"id":792,"date":"2020-12-22T16:35:47","date_gmt":"2020-12-22T16:35:47","guid":{"rendered":"http:\/\/dunanyfoods.javieravila.es\/?page_id=792"},"modified":"2020-12-23T13:12:52","modified_gmt":"2020-12-23T13:12:52","slug":"refeicoes-prontas","status":"publish","type":"page","link":"https:\/\/dunanyfoods.com\/pt-pt\/refeicoes-prontas\/","title":{"rendered":"Refei\u00e7\u00f5es prontas"},"content":{"rendered":"\n\t<section class=\"section\" id=\"section_139639205\">\n\t\t<div class=\"bg section-bg fill bg-fill  bg-loaded\" >\n\n\t\t\t\n\t\t\t\n\t\t\t\n\n\t\t<\/div>\n\n\t\t<div class=\"section-content relative\">\n\t\t\t\n\n\t<div class=\"img has-hover hide-for-medium x md-x lg-x y md-y lg-y\" id=\"image_1830065926\">\n\t\t\t\t\t\t\t\t<div class=\"img-inner dark\" >\n\t\t\t<img width=\"1920\" height=\"500\" src=\"https:\/\/dunanyfoods.com\/wp-content\/uploads\/2020\/12\/PT-platos-preparados-banner.jpg\" class=\"attachment-original size-original\" alt=\"PT platos preparados banner\" loading=\"lazy\" srcset=\"https:\/\/dunanyfoods.com\/wp-content\/uploads\/2020\/12\/PT-platos-preparados-banner.jpg 1920w, https:\/\/dunanyfoods.com\/wp-content\/uploads\/2020\/12\/PT-platos-preparados-banner-300x78.jpg 300w, https:\/\/dunanyfoods.com\/wp-content\/uploads\/2020\/12\/PT-platos-preparados-banner-1024x267.jpg 1024w, https:\/\/dunanyfoods.com\/wp-content\/uploads\/2020\/12\/PT-platos-preparados-banner-768x200.jpg 768w, https:\/\/dunanyfoods.com\/wp-content\/uploads\/2020\/12\/PT-platos-preparados-banner-1536x400.jpg 1536w\" sizes=\"(max-width: 1920px) 100vw, 1920px\" \/>\t\t\t\t\t\t\n\t\t\t\t\t<\/div>\n\t\t\t\t\t\t\t\t\n<style scope=\"scope\">\n\n#image_1830065926 {\n  width: 100%;\n}\n<\/style>\n\t<\/div>\n\t\n\n\t<div class=\"img has-hover show-for-small x md-x lg-x y md-y lg-y\" id=\"image_1866577665\">\n\t\t\t\t\t\t\t\t<div class=\"img-inner dark\" >\n\t\t\t<img width=\"500\" height=\"498\" src=\"https:\/\/dunanyfoods.com\/wp-content\/uploads\/2020\/12\/PT-platos-banner-movil.jpg\" class=\"attachment-large size-large\" alt=\"PT-asados-banner-movil\" loading=\"lazy\" srcset=\"https:\/\/dunanyfoods.com\/wp-content\/uploads\/2020\/12\/PT-platos-banner-movil.jpg 500w, https:\/\/dunanyfoods.com\/wp-content\/uploads\/2020\/12\/PT-platos-banner-movil-300x300.jpg 300w, https:\/\/dunanyfoods.com\/wp-content\/uploads\/2020\/12\/PT-platos-banner-movil-150x150.jpg 150w\" sizes=\"(max-width: 500px) 100vw, 500px\" \/>\t\t\t\t\t\t\n\t\t\t\t\t<\/div>\n\t\t\t\t\t\t\t\t\n<style scope=\"scope\">\n\n#image_1866577665 {\n  width: 100%;\n}\n<\/style>\n\t<\/div>\n\t\n\n\n\t\t<\/div>\n\n\t\t\n<style scope=\"scope\">\n\n#section_139639205 {\n  padding-top: 0px;\n  padding-bottom: 0px;\n}\n<\/style>\n\t<\/section>\n\t\n\t<section class=\"section volver\" id=\"section_713318456\">\n\t\t<div class=\"bg section-bg fill bg-fill  bg-loaded\" >\n\n\t\t\t\n\t\t\t\n\t\t\t\n\n\t\t<\/div>\n\n\t\t<div class=\"section-content relative\">\n\t\t\t\n\n<div class=\"row\"  id=\"row-272943437\">\n\n\n\t<div class=\"col small-12 large-12\"  >\n\t\t<div class=\"col-inner\"  >\n\t\t\t\n\t\t\t\n\n<p>\u00a0<\/p>\n<p><a href=\"http:\/\/dunanyfoods.com\/pt-pt\/#nossos-produtos\"><img loading=\"lazy\" class=\"wp-image-645 alignnone\" src=\"http:\/\/dunanyfoods.com\/wp-content\/uploads\/2020\/12\/left-arrow-line-symbol-300x300.png\" alt=\"\" width=\"12\" height=\"12\" srcset=\"https:\/\/dunanyfoods.com\/wp-content\/uploads\/2020\/12\/left-arrow-line-symbol-300x300.png 300w, https:\/\/dunanyfoods.com\/wp-content\/uploads\/2020\/12\/left-arrow-line-symbol-150x150.png 150w, https:\/\/dunanyfoods.com\/wp-content\/uploads\/2020\/12\/left-arrow-line-symbol.png 512w\" sizes=\"(max-width: 12px) 100vw, 12px\" \/>\u00a0 \u00a0<span style=\"font-size: 14.4px;\">Voltar a produtos<\/span><\/a><\/p>\n\n\t\t<\/div>\n\t<\/div>\n\n\t\n\n<\/div>\n\n\t\t<\/div>\n\n\t\t\n<style scope=\"scope\">\n\n#section_713318456 {\n  padding-top: 0px;\n  padding-bottom: 0px;\n}\n<\/style>\n\t<\/section>\n\t\n\t<section class=\"section hide-for-medium has-parallax\" id=\"section_115856895\">\n\t\t<div class=\"bg section-bg fill bg-fill  \" data-parallax-container=\".section\" data-parallax-background data-parallax=\"-3\">\n\n\t\t\t\n\t\t\t\n\t\t\t\n\n\t\t<\/div>\n\n\t\t<div class=\"section-content relative\">\n\t\t\t\n\n<div class=\"row\"  id=\"row-1217494798\">\n\n\n\t<div class=\"col small-12 large-12\"  >\n\t\t<div class=\"col-inner\"  >\n\t\t\t\n\t\t\t\n\n<div class=\"row\"  id=\"row-1737856266\">\n\n\n\t<div class=\"col small-12 large-12\"  >\n\t\t<div class=\"col-inner text-center\"  >\n\t\t\t\n\t\t\t\n\n<div class=\"slider-wrapper relative\" id=\"slider-447854819\" >\n    <div class=\"slider slider-nav-simple slider-nav-large slider-nav-dark slider-nav-outside slider-style-normal slider-show-nav\"\n        data-flickity-options='{\n            \"cellAlign\": \"center\",\n            \"imagesLoaded\": true,\n            \"lazyLoad\": 1,\n            \"freeScroll\": true,\n            \"wrapAround\": true,\n            \"autoPlay\": 6000,\n            \"pauseAutoPlayOnHover\" : true,\n            \"prevNextButtons\": true,\n            \"contain\" : true,\n            \"adaptiveHeight\" : true,\n            \"dragThreshold\" : 10,\n            \"percentPosition\": true,\n            \"pageDots\": false,\n            \"rightToLeft\": false,\n            \"draggable\": true,\n            \"selectedAttraction\": 0.1,\n            \"parallax\" : 0,\n            \"friction\": 0.6        }'\n        >\n        \n\n<div class=\"row align-middle\"  id=\"row-1512511413\">\n\n\n\t<div class=\"col medium-3 small-12 large-3\"  >\n\t\t<div class=\"col-inner text-center\"  >\n\t\t\t\n\t\t\t\n\n\n\n\t\t<\/div>\n\t<\/div>\n\n\t\n\n\t<div class=\"col medium-3 small-12 large-3\"  >\n\t\t<div class=\"col-inner text-center\"  >\n\t\t\t\n\t\t\t\n\n\n\n\t\t<\/div>\n\t<\/div>\n\n\t\n\n\t<div class=\"col medium-3 small-12 large-3\"  >\n\t\t<div class=\"col-inner\"  >\n\t\t\t\n\t\t\t\n\n\n\n\t\t<\/div>\n\t<\/div>\n\n\t\n\n\t<div class=\"col medium-3 small-12 large-3\"  >\n\t\t<div class=\"col-inner\"  >\n\t\t\t\n\t\t\t\n\n\n\n\t\t<\/div>\n\t<\/div>\n\n\t\n\n\n<style scope=\"scope\">\n\n<\/style>\n<\/div>\n\n     <\/div>\n\n     <div class=\"loading-spin dark large centered\"><\/div>\n\n     <style scope=\"scope\">\n             <\/style>\n<\/div>\n\n\n\n\t\t<\/div>\n\t<\/div>\n\n\t\n\n<\/div>\n\n\t\t<\/div>\n\t<\/div>\n\n\t\n\n<\/div>\n\n\t\t<\/div>\n\n\t\t\n<style scope=\"scope\">\n\n#section_115856895 {\n  padding-top: 0px;\n  padding-bottom: 0px;\n}\n#section_115856895 .section-bg.bg-loaded {\n  background-image: url(https:\/\/dunanyfoods.com\/wp-content\/uploads\/2020\/11\/food-2068217_1920.jpg);\n}\n#section_115856895 .section-bg {\n  background-position: bottom;\n}\n<\/style>\n\t<\/section>\n\t\n\t<section class=\"section show-for-small has-parallax\" id=\"section_763311773\">\n\t\t<div class=\"bg section-bg fill bg-fill  \" data-parallax-container=\".section\" data-parallax-background data-parallax=\"-3\">\n\n\t\t\t\n\t\t\t\n\t\t\t\n\n\t\t<\/div>\n\n\t\t<div class=\"section-content relative\">\n\t\t\t\n\n<div class=\"row\"  id=\"row-1008403776\">\n\n\n\t<div class=\"col small-12 large-12\"  >\n\t\t<div class=\"col-inner\"  >\n\t\t\t\n\t\t\t\n\n<div class=\"row\"  id=\"row-456014031\">\n\n\n\t<div class=\"col small-12 large-12\"  >\n\t\t<div class=\"col-inner text-center\"  >\n\t\t\t\n\t\t\t\n\n<div class=\"slider-wrapper relative\" id=\"slider-1369849377\" >\n    <div class=\"slider slider-nav-simple slider-nav-large slider-nav-light slider-nav-outside slider-style-normal slider-show-nav\"\n        data-flickity-options='{\n            \"cellAlign\": \"center\",\n            \"imagesLoaded\": true,\n            \"lazyLoad\": 1,\n            \"freeScroll\": true,\n            \"wrapAround\": true,\n            \"autoPlay\": 6000,\n            \"pauseAutoPlayOnHover\" : true,\n            \"prevNextButtons\": true,\n            \"contain\" : true,\n            \"adaptiveHeight\" : true,\n            \"dragThreshold\" : 10,\n            \"percentPosition\": true,\n            \"pageDots\": true,\n            \"rightToLeft\": false,\n            \"draggable\": true,\n            \"selectedAttraction\": 0.1,\n            \"parallax\" : 0,\n            \"friction\": 0.6        }'\n        >\n        \n\n<div class=\"row align-middle\"  id=\"row-1941050064\">\n\n\n\t<div class=\"col medium-4 small-12 large-4\"  >\n\t\t<div class=\"col-inner text-center\"  >\n\t\t\t\n\t\t\t\n\n\n\n\t\t<\/div>\n\t<\/div>\n\n\t\n\n\n<style scope=\"scope\">\n\n<\/style>\n<\/div>\n<div class=\"row align-middle\"  id=\"row-1457938609\">\n\n\n\t<div class=\"col medium-4 small-12 large-4\"  >\n\t\t<div class=\"col-inner text-center\"  >\n\t\t\t\n\t\t\t\n\n\n\n\t\t<\/div>\n\t<\/div>\n\n\t\n\n\n<style scope=\"scope\">\n\n<\/style>\n<\/div>\n<div class=\"row align-middle\"  id=\"row-395056112\">\n\n\n\t<div class=\"col medium-4 small-12 large-4\"  >\n\t\t<div class=\"col-inner\"  >\n\t\t\t\n\t\t\t\n\n\n\n\t\t<\/div>\n\t<\/div>\n\n\t\n\n\n<style scope=\"scope\">\n\n<\/style>\n<\/div>\n<div class=\"row align-middle\"  id=\"row-408152942\">\n\n\n\t<div class=\"col medium-4 small-12 large-4\"  >\n\t\t<div class=\"col-inner\"  >\n\t\t\t\n\t\t\t\n\n\n\n\t\t<\/div>\n\t<\/div>\n\n\t\n\n\n<style scope=\"scope\">\n\n<\/style>\n<\/div>\n\n     <\/div>\n\n     <div class=\"loading-spin dark large centered\"><\/div>\n\n     <style scope=\"scope\">\n             <\/style>\n<\/div>\n\n\n\n\t\t<\/div>\n\t<\/div>\n\n\t\n\n<\/div>\n\n\t\t<\/div>\n\t<\/div>\n\n\t\n\n<\/div>\n\n\t\t<\/div>\n\n\t\t\n<style scope=\"scope\">\n\n#section_763311773 {\n  padding-top: 0px;\n  padding-bottom: 0px;\n}\n#section_763311773 .section-bg.bg-loaded {\n  background-image: url(https:\/\/dunanyfoods.com\/wp-content\/uploads\/2020\/11\/food-2068217_1920.jpg);\n}\n#section_763311773 .section-bg {\n  background-position: bottom;\n}\n<\/style>\n\t<\/section>\n\t\n\t<section class=\"section has-parallax\" id=\"section_1923275314\">\n\t\t<div class=\"bg section-bg fill bg-fill  \" data-parallax-container=\".section\" data-parallax-background data-parallax=\"-7\">\n\n\t\t\t\n\t\t\t<div class=\"section-bg-overlay absolute fill\"><\/div>\n\t\t\t\n\n\t\t<\/div>\n\n\t\t<div class=\"section-content relative\">\n\t\t\t\n\n<h2 style=\"text-align: center;\">Sugest\u00f5es de prepara\u00e7\u00e3o<\/h2>\n<div class=\"row\"  id=\"row-1351678895\">\n\n\n\t<div class=\"col small-12 large-12\"  >\n\t\t<div class=\"col-inner\"  >\n\t\t\t\n\t\t\t\n\n\n\t\t<div class=\"icon-box featured-box icon-box-center text-center\"  >\n\t\t\t\t\t<div class=\"icon-box-img\" style=\"width: 60px\">\n\t\t\t\t<div class=\"icon\">\n\t\t\t\t\t<div class=\"icon-inner\" >\n\t\t\t\t\t\t<img width=\"300\" height=\"300\" src=\"https:\/\/dunanyfoods.com\/wp-content\/uploads\/2020\/11\/microondas-300x300.png\" class=\"attachment-medium size-medium\" alt=\"\" loading=\"lazy\" srcset=\"https:\/\/dunanyfoods.com\/wp-content\/uploads\/2020\/11\/microondas-300x300.png 300w, https:\/\/dunanyfoods.com\/wp-content\/uploads\/2020\/11\/microondas-150x150.png 150w, https:\/\/dunanyfoods.com\/wp-content\/uploads\/2020\/11\/microondas.png 512w\" sizes=\"(max-width: 300px) 100vw, 300px\" \/>\t\t\t\t\t<\/div>\n\t\t\t\t<\/div>\n\t\t\t<\/div>\n\t\t\t\t<div class=\"icon-box-text last-reset\">\n\t\t\t<h5 class=\"uppercase\">NO MICRO-ONDAS<\/h5>\t\t\t<h6>AQUECER 3-4 MIN NA POT\u00c9NCIA M\u00c1XIMA<\/h6>\t\t\t\n\n\n\t\t<\/div>\n\t<\/div>\n\t\n\t\n\n\t\t<\/div>\n\t<\/div>\n\n\t\n\n<\/div>\n\n\t\t<\/div>\n\n\t\t\n<style scope=\"scope\">\n\n#section_1923275314 {\n  padding-top: 30px;\n  padding-bottom: 30px;\n}\n#section_1923275314 .section-bg-overlay {\n  background-color: rgba(255, 255, 255, 0.81);\n}\n#section_1923275314 .section-bg.bg-loaded {\n  background-image: url(https:\/\/dunanyfoods.com\/wp-content\/uploads\/2020\/11\/spaghetti-bolognese-4546233_960_720.jpg);\n}\n#section_1923275314 .section-bg {\n  background-position: top;\n}\n<\/style>\n\t<\/section>\n\t\n\n","protected":false},"excerpt":{"rendered":"","protected":false},"author":1,"featured_media":0,"parent":0,"menu_order":0,"comment_status":"closed","ping_status":"closed","template":"page-transparent-header.php","meta":[],"_links":{"self":[{"href":"https:\/\/dunanyfoods.com\/pt-pt\/wp-json\/wp\/v2\/pages\/792"}],"collection":[{"href":"https:\/\/dunanyfoods.com\/pt-pt\/wp-json\/wp\/v2\/pages"}],"about":[{"href":"https:\/\/dunanyfoods.com\/pt-pt\/wp-json\/wp\/v2\/types\/page"}],"author":[{"embeddable":true,"href":"https:\/\/dunanyfoods.com\/pt-pt\/wp-json\/wp\/v2\/users\/1"}],"replies":[{"embeddable":true,"href":"https:\/\/dunanyfoods.com\/pt-pt\/wp-json\/wp\/v2\/comments?post=792"}],"version-history":[{"count":7,"href":"https:\/\/dunanyfoods.com\/pt-pt\/wp-json\/wp\/v2\/pages\/792\/revisions"}],"predecessor-version":[{"id":902,"href":"https:\/\/dunanyfoods.com\/pt-pt\/wp-json\/wp\/v2\/pages\/792\/revisions\/902"}],"wp:attachment":[{"href":"https:\/\/dunanyfoods.com\/pt-pt\/wp-json\/wp\/v2\/media?parent=792"}],"curies":[{"name":"wp","href":"https:\/\/api.w.org\/{rel}","templated":true}]}}